{"id":498,"date":"2022-05-16T12:45:51","date_gmt":"2022-05-16T12:45:51","guid":{"rendered":"https:\/\/beta.nofima.no\/?page_id=498"},"modified":"2026-01-30T12:29:08","modified_gmt":"2026-01-30T12:29:08","slug":"conference-venue-and-travel","status":"publish","type":"page","link":"https:\/\/smoltproduksjon.no\/en\/conference-venue-and-travel\/","title":{"rendered":"Conference venue and travel"},"content":{"rendered":"<p>Sunndal is located in Indre Nordm\u00f8re in the county of M\u00f8re og Romsdal and is the largest municipality in the county in terms of area. The administrative centre is Sunndals\u00f8ra, where 4,000 out of a total of about 7,000 inhabitants live. The administrative centre has a lot to offer in terms of trade and services.<\/p>\n<p>Sunndal is a short distance from two airports at Molde and Kristiansund, and has good bus connections, as well as being close to Oppdal via European route E6 and the Dovre Railway line. It is easy to get to Sunndal by car, bus, train or plane.<\/p>\n<div id=\"attachment_934\" style=\"width: 310px\" class=\"wp-caption alignright\"><a href=\"https:\/\/smoltproduksjon.no\/wp-content\/uploads\/sites\/41\/2022\/08\/sunndal-kulturhus-300x150.jpg\" data-rel=\"lightbox-image-0\" data-rl_title=\"\" data-rl_caption=\"\" title=\"\"><img loading=\"lazy\" decoding=\"async\" aria-describedby=\"caption-attachment-934\" class=\"wp-image-934 size-medium\" src=\"https:\/\/smoltproduksjon.no\/wp-content\/uploads\/sites\/41\/2022\/08\/sunndal-kulturhus-300x150.jpg\" alt=\"\" width=\"300\" height=\"150\" srcset=\"https:\/\/smoltproduksjon.no\/wp-content\/uploads\/sites\/41\/2022\/08\/sunndal-kulturhus-300x150.jpg 300w, https:\/\/smoltproduksjon.no\/wp-content\/uploads\/sites\/41\/2022\/08\/sunndal-kulturhus-1024x512.jpg 1024w, https:\/\/smoltproduksjon.no\/wp-content\/uploads\/sites\/41\/2022\/08\/sunndal-kulturhus-768x384.jpg 768w, https:\/\/smoltproduksjon.no\/wp-content\/uploads\/sites\/41\/2022\/08\/sunndal-kulturhus-1536x768.jpg 1536w, https:\/\/smoltproduksjon.no\/wp-content\/uploads\/sites\/41\/2022\/08\/sunndal-kulturhus.jpg 1920w\" sizes=\"auto, (max-width: 300px) 100vw, 300px\" \/><\/a><p id=\"caption-attachment-934\" class=\"wp-caption-text\">The conference venue is Sunndal Kulturhus (Auragata 2, 6600 Sunndals\u00f8ra, Norway). Photo: Sunndal kulturhus<\/p><\/div>\n<h2>Distances<\/h2>\n<p>Molde \u2013 Sunndals\u00f8ra: 90 km<br \/>\nKristiansund \u2014 Sunndals\u00f8ra: 105 km<br \/>\nOppdal \u2013 Sunndals\u00f8ra: 70 km<br \/>\nOslo \u2013 Sunndals\u00f8ra: 465 km<br \/>\nTrondheim \u2013 Sunndals\u00f8ra: 165 km<\/p>\n<h2>Transport<\/h2>\n<h4>Bus<\/h4>\n<p>Vy Buss is based in Sunndals\u00f8ra and operates services on various routes in M\u00f8re and Romsdal and Tr\u00f8ndelag. There are daily services from Sunndals\u00f8ra to Molde, \u00c5lesund, Kristiansund, Oppdal and Trondheim.<\/p>\n<h4>Train<\/h4>\n<p>Oppdal Skysstation is located on the Dovre Line. Vy operates many services from across the country that arrive or depart from Oppdal Skysstation.<\/p>\n<h4>Air<\/h4>\n<p>To\/from Molde Airport \u00c5r\u00f8 with: Norwegian, SAS and Wider\u00f8e<\/p>\n<p>To\/from Kristiansund Airport Kvernberget with: SAS and Wider\u00f8e<\/p>\n<p>There is a bus service to Sunndal from both airports, but not all departures connect with bus services.<\/p>\n<h2>Tourism<\/h2>\n<p>Interested in taking this opportunity to explore Sunndal as a tourist? Visit <a href=\"http:\/\/www.sunndal.com\/en\/\">Sunndal.com<\/a> for inspiration.<\/p>\n","protected":false},"excerpt":{"rendered":"<p>Sunndal is located in Indre Nordm\u00f8re in the county of M\u00f8re og Romsdal and is the largest municipality in the county in terms of area. The administrative centre is Sunndals\u00f8ra, where 4,000 out of a total of about 7,000 inhabitants live. The administrative centre has a lot to offer in terms of trade and services. [&hellip;]<\/p>\n","protected":false},"author":2,"featured_media":295,"parent":0,"menu_order":0,"comment_status":"closed","ping_status":"closed","template":"","meta":{"_acf_changed":false,"footnotes":""},"class_list":["post-498","page","type-page","status-publish","has-post-thumbnail","hentry"],"acf":[],"_links":{"self":[{"href":"https:\/\/smoltproduksjon.no\/en\/wp-json\/wp\/v2\/pages\/498","targetHints":{"allow":["GET"]}}],"collection":[{"href":"https:\/\/smoltproduksjon.no\/en\/wp-json\/wp\/v2\/pages"}],"about":[{"href":"https:\/\/smoltproduksjon.no\/en\/wp-json\/wp\/v2\/types\/page"}],"author":[{"embeddable":true,"href":"https:\/\/smoltproduksjon.no\/en\/wp-json\/wp\/v2\/users\/2"}],"replies":[{"embeddable":true,"href":"https:\/\/smoltproduksjon.no\/en\/wp-json\/wp\/v2\/comments?post=498"}],"version-history":[{"count":7,"href":"https:\/\/smoltproduksjon.no\/en\/wp-json\/wp\/v2\/pages\/498\/revisions"}],"predecessor-version":[{"id":2331,"href":"https:\/\/smoltproduksjon.no\/en\/wp-json\/wp\/v2\/pages\/498\/revisions\/2331"}],"wp:featuredmedia":[{"embeddable":true,"href":"https:\/\/smoltproduksjon.no\/en\/wp-json\/wp\/v2\/media\/295"}],"wp:attachment":[{"href":"https:\/\/smoltproduksjon.no\/en\/wp-json\/wp\/v2\/media?parent=498"}],"curies":[{"name":"wp","href":"https:\/\/api.w.org\/{rel}","templated":true}]}}