{"id":2226,"date":"2024-11-21T07:45:07","date_gmt":"2024-11-21T07:45:07","guid":{"rendered":"https:\/\/smoltproduksjon.no\/presentasjoner-fra-konferansen\/"},"modified":"2024-11-21T08:46:22","modified_gmt":"2024-11-21T08:46:22","slug":"presentations-from-the-conference","status":"publish","type":"page","link":"https:\/\/smoltproduksjon.no\/en\/presentations-from-the-conference\/","title":{"rendered":"Presentations from the conference"},"content":{"rendered":"<p>Here the participants find presentations from the &#8220;Smolt production of the future&#8221; 2024. Some are exempt from publication at the request of the presenter, or lack of feedback. The presentations are shown in it&#8217;s original language, mainly Norwegiean.<\/p>\n<p>The presentations are out until 28:02:25.<\/p>\n<h3>WEDNESDAY<\/h3>\n<p>\u00c5pning ved politisk ledelse i NFD | Even Tronstad Sagebakken (NFD)<\/p>\n<p><a href=\"https:\/\/smoltproduksjon.no\/wp-content\/uploads\/sites\/41\/2024\/11\/Sammen_om_trygg_og_vellykket_storsmoltproduksjon.pdf\">Sammen om trygg og vellykket storsmoltproduksjon<\/a> | Christian R\u00f8nning (Pure Salmon Technology)<\/p>\n<p><a href=\"https:\/\/smoltproduksjon.no\/wp-content\/uploads\/sites\/41\/2024\/11\/Kate_F_Stenerud_Benchmark.pdf\">Genetikk tilpasset nye driftsformer og innovasjon<\/a> | Kate Furhovden Stenerud (Benchmark)<\/p>\n<p>&nbsp;<\/p>\n<h4>Session 1: Experiences and possiblities with production of post smolt<\/h4>\n<p><a href=\"https:\/\/smoltproduksjon.no\/wp-content\/uploads\/sites\/41\/2024\/11\/Fremtidens_smoltproduksjon__Per_Anton_Saether.pdf\">Er dagens smoltproduksjon fremtidens smoltproduksjon?<\/a> | Per Anton S\u00e6ther (\u00c5kerbl\u00e5)<\/p>\n<p>Erfaringer med produksjon og bruk av storsmolt | \u00d8yvind Opdahl Viga (Tytlandsvik Aqua)<\/p>\n<p><a href=\"https:\/\/smoltproduksjon.no\/wp-content\/uploads\/sites\/41\/2024\/11\/Siri_Vike_Sesjon_1.pdf\">Erfaringer med post-smolt produksjon i flytende lukkede anlegg i sj\u00f8<\/a> | Siri Vike (Ovum)<\/p>\n<p><a href=\"https:\/\/smoltproduksjon.no\/wp-content\/uploads\/sites\/41\/2024\/11\/Erfaringer_og_muligheter_ved_produsksjon_av_storsmolt_Timo_Rosche_.pdf\">Erfaringer og muligheter ved produksjon av storsmolt<\/a> | Timo Rosche (Grieg Seafood)<\/p>\n<p>&nbsp;<\/p>\n<h4>Session 2: Smolt production<\/h4>\n<p><a href=\"https:\/\/smoltproduksjon.no\/wp-content\/uploads\/sites\/41\/2024\/11\/Sesjon2_ChristineKlykken.pdf\">Nefrokalsinose-resultater fra tiltaksutpr\u00f8ving i anlegg og p\u00e5g\u00e5ende forskning<\/a> | Christine Klykken (Aqua Kompetanse)<\/p>\n<p><a href=\"https:\/\/smoltproduksjon.no\/wp-content\/uploads\/sites\/41\/2024\/11\/Marius_Takvam_Sesjon_2_FramtidensSmolt.pdf\">Nyrefunksjon i laksefisk &#8211; effekt av fotoperiode og salinitet p\u00e5 nyrens utvikling under smoltifisering<\/a> | Marius Takvam (NORCE)<\/p>\n<p><a href=\"https:\/\/smoltproduksjon.no\/wp-content\/uploads\/sites\/41\/2024\/11\/Tom_Ole_Nilsen_Sesjon_2.pdf\">Lysstyring og smoltifisering \u2013 er det egentlig s\u00e5 vanskelig?<\/a> | Tom Ole Nilsen (UiB)<\/p>\n<p><a href=\"https:\/\/smoltproduksjon.no\/wp-content\/uploads\/sites\/41\/2024\/11\/Sesjon_2_Striberny.pdf\">Hvordan p\u00e5virker produksjonssystem, temperatur og salinitet i settefiskfasen laksens prestasjon i sj\u00f8?<\/a> | Anja Striberny (Nofima)<\/p>\n<p>Innovative oksygeneringsmetoder i smoltproduksjon | Roman Netzer (Sintef)<\/p>\n<h3><\/h3>\n<h3>THURSDAY<\/h3>\n<p><a href=\"https:\/\/smoltproduksjon.no\/wp-content\/uploads\/sites\/41\/2024\/11\/Oppsummering_av_CtrlAQUA_SFI_Asa_Espmark.pdf\">Oppsummering av CtrlAQUA SFI<\/a> | \u00c5sa Espmark (Nofima)<\/p>\n<p>&nbsp;<\/p>\n<h4>Session 3: Feed and feeding in RAS<\/h4>\n<p><a href=\"https:\/\/smoltproduksjon.no\/wp-content\/uploads\/sites\/41\/2024\/11\/Sesjon_3_Erik-Jan_Lock.pdf\">\u2018Wining and dining\u2019 i RAS<\/a> | Erik-Jan Lock (Nofima)<\/p>\n<p><a href=\"https:\/\/smoltproduksjon.no\/wp-content\/uploads\/sites\/41\/2024\/11\/Sesjon_3_Andre_Meriac.pdf\">F\u00f4rets betydning for vannkvalitet i RAS<\/a> | Andre Meriac (Nofima)<\/p>\n<p>Omega-3 i RAS og gjennomstr\u00f8mmingssystemer | Bente Ruyter (Nofima)<\/p>\n<p>RAS 4.0: F\u00f4ring i RAS | Jelena Kolarevic (UiT\/Nofima)<\/p>\n<p>&nbsp;<\/p>\n<h4>Session 4: Fish health and welfare in RAS &#8211; biggest challenges<\/h4>\n<p><a href=\"https:\/\/smoltproduksjon.no\/wp-content\/uploads\/sites\/41\/2024\/11\/Holan_Sesjon_4_-_Dyrevelferd_ikke_et_valgfag_-_Sunndalsora_2024.pdf\">Dyrevelferd, ikke et valgfag, men et premiss for vekst i oppdrettsn\u00e6ringa<\/a> | Astrid Buran Holan (ScaleAQ)<\/p>\n<p><a href=\"https:\/\/smoltproduksjon.no\/wp-content\/uploads\/sites\/41\/2024\/11\/Sesjon_4_Alf_Seljenes_Dalum.pdf\">Gassboblesyke hos fisk \u2013 \u00e5rsak og betydning<\/a> | Alf Seljenes Dalum (Aqua Kompetanse)<\/p>\n<p>Biosecurity breach and disinfection in Atlantic salmon brackish water RAS | Carlo Lazado (Nofima)<\/p>\n<p><a href=\"https:\/\/smoltproduksjon.no\/wp-content\/uploads\/sites\/41\/2024\/11\/Davidson_Nitrate_A._Salmon_Biologgers_-_Sesjon_4.pdf\">Evaluating the effects of nitrate-nitrogen concentrations with heart rate bio-loggers<\/a> | John Davidson (Freshwater Institute)<\/p>\n<p><a href=\"https:\/\/smoltproduksjon.no\/wp-content\/uploads\/sites\/41\/2024\/11\/MortCam-Rakesh_Ranjan_-_Sesjon_4.pdf\">MortCam AI for Proactive Mortality Monitoring and Fish Health Management<\/a> | Rakesh Ranjan (Freshwater Institute)<\/p>\n<p>&nbsp;<\/p>\n<h4><em>Sesjon 5: Vannkvalitet i RAS<\/em><\/h4>\n<p>Partikler i RAS &#8211; effekter p\u00e5 vannkvalitet, vannkjemi og mikrobiota | Paulo Fernandes (NIVA)<\/p>\n<p><a href=\"https:\/\/smoltproduksjon.no\/wp-content\/uploads\/sites\/41\/2024\/11\/Oyvind_Mikkeslen_sesjon_4.pdf\">Sammenligning av vannkvalitet i RAS- og FT-systemer<\/a> | \u00d8yvind Mikkelsen (NTNU)<\/p>\n<p>CO2 og nefrokalsinose hos regnbue\u00f8rret | Ingrid Lein (Nofima)<\/p>\n<p><a href=\"https:\/\/smoltproduksjon.no\/wp-content\/uploads\/sites\/41\/2024\/11\/Sesjon_5__Chris_Good.pdf\">Ozone application in RAS: consequences for fish health and performance<\/a> | Christopher Good (Freshwater Institute)<\/p>\n<p><a href=\"https:\/\/smoltproduksjon.no\/wp-content\/uploads\/sites\/41\/2024\/11\/Sesjon_5_Kevin_Stiller.pdf\">Approaches for carbon dioxide degassing unit automation<\/a> | Kevin Stiller (Nofima)<\/p>\n<p>&nbsp;<\/p>\n","protected":false},"excerpt":{"rendered":"<p>Here the participants find presentations from the &#8220;Smolt production of the future&#8221; 2024. Some are exempt from publication at the request of the presenter, or lack of feedback. The presentations are shown in it&#8217;s original language, mainly Norwegiean. The presentations are out until 28:02:25. WEDNESDAY \u00c5pning ved politisk ledelse i NFD | Even Tronstad Sagebakken [&hellip;]<\/p>\n","protected":false},"author":2,"featured_media":0,"parent":0,"menu_order":0,"comment_status":"closed","ping_status":"closed","template":"","meta":{"_acf_changed":false,"footnotes":""},"class_list":["post-2226","page","type-page","status-publish","hentry"],"acf":[],"_links":{"self":[{"href":"https:\/\/smoltproduksjon.no\/en\/wp-json\/wp\/v2\/pages\/2226","targetHints":{"allow":["GET"]}}],"collection":[{"href":"https:\/\/smoltproduksjon.no\/en\/wp-json\/wp\/v2\/pages"}],"about":[{"href":"https:\/\/smoltproduksjon.no\/en\/wp-json\/wp\/v2\/types\/page"}],"author":[{"embeddable":true,"href":"https:\/\/smoltproduksjon.no\/en\/wp-json\/wp\/v2\/users\/2"}],"replies":[{"embeddable":true,"href":"https:\/\/smoltproduksjon.no\/en\/wp-json\/wp\/v2\/comments?post=2226"}],"version-history":[{"count":6,"href":"https:\/\/smoltproduksjon.no\/en\/wp-json\/wp\/v2\/pages\/2226\/revisions"}],"predecessor-version":[{"id":2235,"href":"https:\/\/smoltproduksjon.no\/en\/wp-json\/wp\/v2\/pages\/2226\/revisions\/2235"}],"wp:attachment":[{"href":"https:\/\/smoltproduksjon.no\/en\/wp-json\/wp\/v2\/media?parent=2226"}],"curies":[{"name":"wp","href":"https:\/\/api.w.org\/{rel}","templated":true}]}}